{"id":7122,"date":"2020-08-21T10:07:59","date_gmt":"2020-08-21T14:07:59","guid":{"rendered":"https:\/\/larochelle.ca\/demand-for-parts\/"},"modified":"2022-12-13T07:19:53","modified_gmt":"2022-12-13T12:19:53","slug":"demand-for-parts","status":"publish","type":"page","link":"https:\/\/staging.larochelle.ca\/en\/demand-for-parts\/","title":{"rendered":"Parts Request"},"content":{"rendered":"<section class=\"l-section wpb_row height_small color_alternate\"><div class=\"l-section-h i-cf\"><div class=\"g-cols vc_row via_flex valign_top type_default stacking_default\"><div class=\"vc_col-sm-12 wpb_column vc_column_container\"><div class=\"vc_column-inner\"><div class=\"wpb_wrapper\">\n<div class=\"wpcf7 no-js\" id=\"wpcf7-f7145-o1\" lang=\"fr-FR\" dir=\"ltr\" data-wpcf7-id=\"7145\">\n<div class=\"screen-reader-response\"><p role=\"status\" aria-live=\"polite\" aria-atomic=\"true\"><\/p> <ul><\/ul><\/div>\n<form action=\"\/en\/wp-json\/wp\/v2\/pages\/7122#wpcf7-f7145-o1\" method=\"post\" class=\"wpcf7-form init\" aria-label=\"Formulaire de contact\" novalidate=\"novalidate\" data-status=\"init\">\n<div style=\"display: none;\">\n<input type=\"hidden\" name=\"_wpcf7\" value=\"7145\" \/>\n<input type=\"hidden\" name=\"_wpcf7_version\" value=\"6.0.6\" \/>\n<input type=\"hidden\" name=\"_wpcf7_locale\" value=\"fr_FR\" \/>\n<input type=\"hidden\" name=\"_wpcf7_unit_tag\" value=\"wpcf7-f7145-o1\" \/>\n<input type=\"hidden\" name=\"_wpcf7_container_post\" value=\"0\" \/>\n<input type=\"hidden\" name=\"_wpcf7_posted_data_hash\" value=\"\" \/>\n<input type=\"hidden\" name=\"_wpcf7_recaptcha_response\" value=\"\" \/>\n<\/div>\n<div class=\"FormFields\">\n\t<p><span class=\"wpcf7-form-control-wrap\" data-name=\"your-name\"><input size=\"40\" maxlength=\"400\" class=\"wpcf7-form-control wpcf7-text wpcf7-validates-as-required\" aria-required=\"true\" aria-invalid=\"false\" placeholder=\"Full name *\" value=\"\" type=\"text\" name=\"your-name\" \/><\/span>\n\t<\/p>\n\t<p><span class=\"wpcf7-form-control-wrap\" data-name=\"your-email\"><input size=\"40\" maxlength=\"400\" class=\"wpcf7-form-control wpcf7-email wpcf7-validates-as-required wpcf7-text wpcf7-validates-as-email\" aria-required=\"true\" aria-invalid=\"false\" placeholder=\"Email *\" value=\"\" type=\"email\" name=\"your-email\" \/><\/span>\n\t<\/p>\n\t<p><span class=\"wpcf7-form-control-wrap\" data-name=\"your-phone\"><input size=\"40\" maxlength=\"400\" class=\"wpcf7-form-control wpcf7-tel wpcf7-validates-as-required wpcf7-text wpcf7-validates-as-tel\" aria-required=\"true\" aria-invalid=\"false\" placeholder=\"Phone *\" value=\"\" type=\"tel\" name=\"your-phone\" \/><\/span>\n\t<\/p>\n\t<p><span class=\"wpcf7-form-control-wrap\" data-name=\"your-message\"><textarea cols=\"40\" rows=\"10\" maxlength=\"2000\" class=\"wpcf7-form-control wpcf7-textarea wpcf7-validates-as-required\" aria-required=\"true\" aria-invalid=\"false\" placeholder=\"Message *\" name=\"your-message\"><\/textarea><\/span>\n\t<\/p>\n\t<div class=\"googlePrivacyText\">\n\t\t<p>This site is protected by reCAPTCHA and the Google <a href=\"https:\/\/policies.google.com\/privacy\" target=\"_blank\"> Privacy Policy <\/a> and <a href=\"https:\/\/policies.google.com\/terms\" target=\"_blank\"> Terms of Service <\/a> apply.\n\t\t<\/p>\n\t<\/div>\n\t<p><input class=\"wpcf7-form-control wpcf7-submit has-spinner\" type=\"submit\" value=\"Send\" \/>\n\t<\/p>\n<\/div><input type='hidden' class='wpcf7-pum' value='{\"closepopup\":false,\"closedelay\":0,\"openpopup\":false,\"openpopup_id\":0}' \/><div class=\"wpcf7-response-output\" aria-hidden=\"true\"><\/div>\n<\/form>\n<\/div>\n<\/div><\/div><\/div><\/div><\/div><\/section>\n","protected":false},"excerpt":{"rendered":"This site is protected by reCAPTCHA and the Google Privacy Policy and Terms of Service apply.","protected":false},"author":1,"featured_media":6596,"parent":0,"menu_order":7,"comment_status":"closed","ping_status":"closed","template":"","meta":{"footnotes":""},"class_list":["post-7122","page","type-page","status-publish","has-post-thumbnail","hentry"],"yoast_head":"<!-- This site is optimized with the Yoast SEO plugin v25.2 - https:\/\/yoast.com\/wordpress\/plugins\/seo\/ -->\n<title>Parts Request - LAROCHELLE<\/title>\n<meta name=\"description\" content=\"Founded in 1956, Phil LAROCHELLE Equipement Inc. specializes in the manufacturing of snow and Ice control equipment for heavy trucks as well as quarterframe end dump excavation trailers. Most replacement parts can be shipped the same day if ordered before noon.\" \/>\n<meta name=\"robots\" content=\"noindex, follow, max-snippet:-1, max-image-preview:large, max-video-preview:-1\" \/>\n<meta property=\"og:locale\" content=\"en_US\" \/>\n<meta property=\"og:type\" content=\"article\" \/>\n<meta property=\"og:title\" content=\"Parts Request - LAROCHELLE\" \/>\n<meta property=\"og:description\" content=\"Founded in 1956, Phil LAROCHELLE Equipement Inc. specializes in the manufacturing of snow and Ice control equipment for heavy trucks as well as quarterframe end dump excavation trailers. Most replacement parts can be shipped the same day if ordered before noon.\" \/>\n<meta property=\"og:url\" content=\"https:\/\/staging.larochelle.ca\/demande-de-pieces\/\" \/>\n<meta property=\"og:site_name\" content=\"LAROCHELLE\" \/>\n<meta property=\"article:publisher\" content=\"https:\/\/www.facebook.com\/Larochelleinc\/\" \/>\n<meta property=\"article:modified_time\" content=\"2022-12-13T12:19:53+00:00\" \/>\n<meta property=\"og:image\" content=\"https:\/\/staging.larochelle.ca\/wp-content\/uploads\/2020\/07\/PieceService.jpg\" \/>\n\t<meta property=\"og:image:width\" content=\"1902\" \/>\n\t<meta property=\"og:image:height\" content=\"1200\" \/>\n\t<meta property=\"og:image:type\" content=\"image\/jpeg\" \/>\n<meta name=\"twitter:card\" content=\"summary_large_image\" \/>\n<script type=\"application\/ld+json\" class=\"yoast-schema-graph\">{\"@context\":\"https:\/\/schema.org\",\"@graph\":[{\"@type\":\"WebPage\",\"@id\":\"https:\/\/staging.larochelle.ca\/demande-de-pieces\/\",\"url\":\"https:\/\/staging.larochelle.ca\/demande-de-pieces\/\",\"name\":\"Parts Request - LAROCHELLE\",\"isPartOf\":{\"@id\":\"https:\/\/staging.larochelle.ca\/#website\"},\"primaryImageOfPage\":{\"@id\":\"https:\/\/staging.larochelle.ca\/demande-de-pieces\/#primaryimage\"},\"image\":{\"@id\":\"https:\/\/staging.larochelle.ca\/demande-de-pieces\/#primaryimage\"},\"thumbnailUrl\":\"https:\/\/staging.larochelle.ca\/wp-content\/uploads\/2020\/07\/PieceService.jpg\",\"datePublished\":\"2020-08-21T14:07:59+00:00\",\"dateModified\":\"2022-12-13T12:19:53+00:00\",\"description\":\"Founded in 1956, Phil LAROCHELLE Equipement Inc. specializes in the manufacturing of snow and Ice control equipment for heavy trucks as well as quarterframe end dump excavation trailers. Most replacement parts can be shipped the same day if ordered before noon.\",\"breadcrumb\":{\"@id\":\"https:\/\/staging.larochelle.ca\/demande-de-pieces\/#breadcrumb\"},\"inLanguage\":\"en-US\",\"potentialAction\":[{\"@type\":\"ReadAction\",\"target\":[\"https:\/\/staging.larochelle.ca\/demande-de-pieces\/\"]}]},{\"@type\":\"ImageObject\",\"inLanguage\":\"en-US\",\"@id\":\"https:\/\/staging.larochelle.ca\/demande-de-pieces\/#primaryimage\",\"url\":\"https:\/\/staging.larochelle.ca\/wp-content\/uploads\/2020\/07\/PieceService.jpg\",\"contentUrl\":\"https:\/\/staging.larochelle.ca\/wp-content\/uploads\/2020\/07\/PieceService.jpg\",\"width\":1902,\"height\":1200,\"caption\":\"Pi\u00e8ces disponible rapidement \u00e0 notre entrep\u00f4t et nos centres de services\"},{\"@type\":\"BreadcrumbList\",\"@id\":\"https:\/\/staging.larochelle.ca\/demande-de-pieces\/#breadcrumb\",\"itemListElement\":[{\"@type\":\"ListItem\",\"position\":1,\"name\":\"Accueil\",\"item\":\"https:\/\/staging.larochelle.ca\/en\/\"},{\"@type\":\"ListItem\",\"position\":2,\"name\":\"Parts Request\"}]},{\"@type\":\"WebSite\",\"@id\":\"https:\/\/staging.larochelle.ca\/#website\",\"url\":\"https:\/\/staging.larochelle.ca\/\",\"name\":\"LAROCHELLE\",\"description\":\"\",\"publisher\":{\"@id\":\"https:\/\/staging.larochelle.ca\/#organization\"},\"potentialAction\":[{\"@type\":\"SearchAction\",\"target\":{\"@type\":\"EntryPoint\",\"urlTemplate\":\"https:\/\/staging.larochelle.ca\/?s={search_term_string}\"},\"query-input\":{\"@type\":\"PropertyValueSpecification\",\"valueRequired\":true,\"valueName\":\"search_term_string\"}}],\"inLanguage\":\"en-US\"},{\"@type\":\"Organization\",\"@id\":\"https:\/\/staging.larochelle.ca\/#organization\",\"name\":\"Phil Larochelle \u00c9quipement Inc.\",\"url\":\"https:\/\/staging.larochelle.ca\/\",\"logo\":{\"@type\":\"ImageObject\",\"inLanguage\":\"en-US\",\"@id\":\"https:\/\/staging.larochelle.ca\/#\/schema\/logo\/image\/\",\"url\":\"https:\/\/staging.larochelle.ca\/wp-content\/uploads\/2020\/08\/logo-clear.png\",\"contentUrl\":\"https:\/\/staging.larochelle.ca\/wp-content\/uploads\/2020\/08\/logo-clear.png\",\"width\":379,\"height\":135,\"caption\":\"Phil Larochelle \u00c9quipement Inc.\"},\"image\":{\"@id\":\"https:\/\/staging.larochelle.ca\/#\/schema\/logo\/image\/\"},\"sameAs\":[\"https:\/\/www.facebook.com\/Larochelleinc\/\",\"https:\/\/www.instagram.com\/larochelleinc\/\",\"https:\/\/ca.linkedin.com\/company\/phil-larochelle-equipement-inc\",\"https:\/\/www.youtube.com\/channel\/UCmxXa8kiXFjkLweTl2Q91bQ\"]}]}<\/script>\n<!-- \/ Yoast SEO plugin. -->","yoast_head_json":{"title":"Parts Request - LAROCHELLE","description":"Founded in 1956, Phil LAROCHELLE Equipement Inc. specializes in the manufacturing of snow and Ice control equipment for heavy trucks as well as quarterframe end dump excavation trailers. Most replacement parts can be shipped the same day if ordered before noon.","robots":{"index":"noindex","follow":"follow","max-snippet":"max-snippet:-1","max-image-preview":"max-image-preview:large","max-video-preview":"max-video-preview:-1"},"og_locale":"en_US","og_type":"article","og_title":"Parts Request - LAROCHELLE","og_description":"Founded in 1956, Phil LAROCHELLE Equipement Inc. specializes in the manufacturing of snow and Ice control equipment for heavy trucks as well as quarterframe end dump excavation trailers. Most replacement parts can be shipped the same day if ordered before noon.","og_url":"https:\/\/staging.larochelle.ca\/demande-de-pieces\/","og_site_name":"LAROCHELLE","article_publisher":"https:\/\/www.facebook.com\/Larochelleinc\/","article_modified_time":"2022-12-13T12:19:53+00:00","og_image":[{"width":1902,"height":1200,"url":"https:\/\/staging.larochelle.ca\/wp-content\/uploads\/2020\/07\/PieceService.jpg","type":"image\/jpeg"}],"twitter_card":"summary_large_image","schema":{"@context":"https:\/\/schema.org","@graph":[{"@type":"WebPage","@id":"https:\/\/staging.larochelle.ca\/demande-de-pieces\/","url":"https:\/\/staging.larochelle.ca\/demande-de-pieces\/","name":"Parts Request - LAROCHELLE","isPartOf":{"@id":"https:\/\/staging.larochelle.ca\/#website"},"primaryImageOfPage":{"@id":"https:\/\/staging.larochelle.ca\/demande-de-pieces\/#primaryimage"},"image":{"@id":"https:\/\/staging.larochelle.ca\/demande-de-pieces\/#primaryimage"},"thumbnailUrl":"https:\/\/staging.larochelle.ca\/wp-content\/uploads\/2020\/07\/PieceService.jpg","datePublished":"2020-08-21T14:07:59+00:00","dateModified":"2022-12-13T12:19:53+00:00","description":"Founded in 1956, Phil LAROCHELLE Equipement Inc. specializes in the manufacturing of snow and Ice control equipment for heavy trucks as well as quarterframe end dump excavation trailers. Most replacement parts can be shipped the same day if ordered before noon.","breadcrumb":{"@id":"https:\/\/staging.larochelle.ca\/demande-de-pieces\/#breadcrumb"},"inLanguage":"en-US","potentialAction":[{"@type":"ReadAction","target":["https:\/\/staging.larochelle.ca\/demande-de-pieces\/"]}]},{"@type":"ImageObject","inLanguage":"en-US","@id":"https:\/\/staging.larochelle.ca\/demande-de-pieces\/#primaryimage","url":"https:\/\/staging.larochelle.ca\/wp-content\/uploads\/2020\/07\/PieceService.jpg","contentUrl":"https:\/\/staging.larochelle.ca\/wp-content\/uploads\/2020\/07\/PieceService.jpg","width":1902,"height":1200,"caption":"Pi\u00e8ces disponible rapidement \u00e0 notre entrep\u00f4t et nos centres de services"},{"@type":"BreadcrumbList","@id":"https:\/\/staging.larochelle.ca\/demande-de-pieces\/#breadcrumb","itemListElement":[{"@type":"ListItem","position":1,"name":"Accueil","item":"https:\/\/staging.larochelle.ca\/en\/"},{"@type":"ListItem","position":2,"name":"Parts Request"}]},{"@type":"WebSite","@id":"https:\/\/staging.larochelle.ca\/#website","url":"https:\/\/staging.larochelle.ca\/","name":"LAROCHELLE","description":"","publisher":{"@id":"https:\/\/staging.larochelle.ca\/#organization"},"potentialAction":[{"@type":"SearchAction","target":{"@type":"EntryPoint","urlTemplate":"https:\/\/staging.larochelle.ca\/?s={search_term_string}"},"query-input":{"@type":"PropertyValueSpecification","valueRequired":true,"valueName":"search_term_string"}}],"inLanguage":"en-US"},{"@type":"Organization","@id":"https:\/\/staging.larochelle.ca\/#organization","name":"Phil Larochelle \u00c9quipement Inc.","url":"https:\/\/staging.larochelle.ca\/","logo":{"@type":"ImageObject","inLanguage":"en-US","@id":"https:\/\/staging.larochelle.ca\/#\/schema\/logo\/image\/","url":"https:\/\/staging.larochelle.ca\/wp-content\/uploads\/2020\/08\/logo-clear.png","contentUrl":"https:\/\/staging.larochelle.ca\/wp-content\/uploads\/2020\/08\/logo-clear.png","width":379,"height":135,"caption":"Phil Larochelle \u00c9quipement Inc."},"image":{"@id":"https:\/\/staging.larochelle.ca\/#\/schema\/logo\/image\/"},"sameAs":["https:\/\/www.facebook.com\/Larochelleinc\/","https:\/\/www.instagram.com\/larochelleinc\/","https:\/\/ca.linkedin.com\/company\/phil-larochelle-equipement-inc","https:\/\/www.youtube.com\/channel\/UCmxXa8kiXFjkLweTl2Q91bQ"]}]}},"_links":{"self":[{"href":"https:\/\/staging.larochelle.ca\/en\/wp-json\/wp\/v2\/pages\/7122","targetHints":{"allow":["GET"]}}],"collection":[{"href":"https:\/\/staging.larochelle.ca\/en\/wp-json\/wp\/v2\/pages"}],"about":[{"href":"https:\/\/staging.larochelle.ca\/en\/wp-json\/wp\/v2\/types\/page"}],"author":[{"embeddable":true,"href":"https:\/\/staging.larochelle.ca\/en\/wp-json\/wp\/v2\/users\/1"}],"replies":[{"embeddable":true,"href":"https:\/\/staging.larochelle.ca\/en\/wp-json\/wp\/v2\/comments?post=7122"}],"version-history":[{"count":1,"href":"https:\/\/staging.larochelle.ca\/en\/wp-json\/wp\/v2\/pages\/7122\/revisions"}],"predecessor-version":[{"id":7339,"href":"https:\/\/staging.larochelle.ca\/en\/wp-json\/wp\/v2\/pages\/7122\/revisions\/7339"}],"wp:featuredmedia":[{"embeddable":true,"href":"https:\/\/staging.larochelle.ca\/en\/wp-json\/wp\/v2\/media\/6596"}],"wp:attachment":[{"href":"https:\/\/staging.larochelle.ca\/en\/wp-json\/wp\/v2\/media?parent=7122"}],"curies":[{"name":"wp","href":"https:\/\/api.w.org\/{rel}","templated":true}]}}